{"id":13179,"date":"2024-10-02T10:26:21","date_gmt":"2024-10-02T10:26:21","guid":{"rendered":"https:\/\/jungle5.de\/?page_id=13179"},"modified":"2026-04-16T12:06:26","modified_gmt":"2026-04-16T12:06:26","slug":"agb","status":"publish","type":"page","link":"https:\/\/jungle5.de\/en\/agb\/","title":{"rendered":"Terms and Conditions"},"content":{"rendered":"<div data-elementor-type=\"wp-page\" data-elementor-id=\"13179\" class=\"elementor elementor-13179\">\n\t\t\t\t\t\t<section class=\"elementor-section elementor-top-section elementor-element elementor-element-16ff598c elementor-section-full_width elementor-section-height-default elementor-section-height-default qodef-elementor-content-no\" data-id=\"16ff598c\" data-element_type=\"section\" data-e-type=\"section\">\n\t\t\t\t\t\t<div class=\"elementor-container elementor-column-gap-default\">\n\t\t\t\t\t<div class=\"elementor-column elementor-col-100 elementor-top-column elementor-element elementor-element-790400d4\" data-id=\"790400d4\" data-element_type=\"column\" data-e-type=\"column\">\n\t\t\t<div class=\"elementor-widget-wrap elementor-element-populated\">\n\t\t\t\t\t\t<div class=\"elementor-element elementor-element-74446db elementor-widget elementor-widget-augustine_core_section_title\" data-id=\"74446db\" data-element_type=\"widget\" data-e-type=\"widget\" data-widget_type=\"augustine_core_section_title.default\">\n\t\t\t\t<div class=\"elementor-widget-container\">\n\t\t\t\t\t<div class=\"qodef-shortcode qodef-m  qodef-section-title qodef-alignment--left  qodef-title-appear qodef-title-alt-appear\">\n\t\t\t\t<h2 class=\"qodef-m-title\" >\n\t\t\t\t\tTerms and Conditions\t\t\t<\/h2>\n\t\t<\/div>\t\t\t\t<\/div>\n\t\t\t\t<\/div>\n\t\t\t\t\t<\/div>\n\t\t<\/div>\n\t\t\t\t\t<\/div>\n\t\t<\/section>\n\t\t\t\t<section class=\"elementor-section elementor-top-section elementor-element elementor-element-6e51a79e qodef-elementor-content-grid elementor-section-boxed elementor-section-height-default elementor-section-height-default\" data-id=\"6e51a79e\" data-element_type=\"section\" data-e-type=\"section\">\n\t\t\t\t\t\t<div class=\"elementor-container elementor-column-gap-default\">\n\t\t\t\t\t<div class=\"elementor-column elementor-col-100 elementor-top-column elementor-element elementor-element-6175c09c\" data-id=\"6175c09c\" data-element_type=\"column\" data-e-type=\"column\">\n\t\t\t<div class=\"elementor-widget-wrap elementor-element-populated\">\n\t\t\t\t\t\t<div class=\"elementor-element elementor-element-b8ff6b3 elementor-widget elementor-widget-text-editor\" data-id=\"b8ff6b3\" data-element_type=\"widget\" data-e-type=\"widget\" data-widget_type=\"text-editor.default\">\n\t\t\t\t<div class=\"elementor-widget-container\">\n\t\t\t\t\t\t\t\t\t<div>\n<div>\n<p><b>STAND: 16.04.2026<br>GELTUNGSBEREICH&nbsp;<\/b><\/p>\n<p><span style=\"font-weight: 400;\">1.1 These terms and conditions apply to contracts for the rental of accommodation rooms by JUNGLE N\u00b05 GmbH for lodging purposes, as well as all other services and deliveries provided by the hotel to the customer in this context (hotel accommodation contract). They do not apply to package tours within the meaning of \u00a7 651a BGB (German Civil Code). The term \u201chotel accommodation contract\u201d includes and replaces the following terms: accommodation, lodging, hotel, hotel room contract.<\/span><\/p>\n<p><span style=\"font-weight: 400;\">1.2 The prior consent of the hotel in text form is required if rooms provided are to be sublet or rented to other parties or used other than for lodging purposes, whereby the right of termination pursuant to \u00a7 540, para. 1, sentence 2 German Civil Code is waived.<\/span><\/p>\n<p><span style=\"font-weight: 400;\">1.3 The customer's general terms and conditions shall apply only if this is expressly agreed in text form.<\/span><\/p>\n<p><b>2 CONTRACT, CONTRACTING PARTIES&nbsp;<\/b><\/p>\n<p><span style=\"font-weight: 400;\">The contracting parties are the Hotel JUNGLE N\u00b05 GmbH and the customer. The contract is concluded when the hotel accepts the customer's request. In the case of a booking via the hotel's own homepage, the contract is concluded by clicking on the \u201cBook now\u201d button.<\/span><\/p>\n<p><b>3 SERVICES, PRICES, PAYMENT, SET-OFF<br><\/b><\/p>\n<p><span style=\"font-weight: 400;\">3.1 The hotel is obligated to keep the rooms reserved by the customer available and to render the agreed services.&nbsp;<\/span><\/p>\n<p><span style=\"color: #ffffff; font-size: 15px;\">3.2 The customer is obligated to pay the agreed or applicable hotel prices for rooms provided and for other services used. This also applies to services ordered by the customer directly or via the hotel that are provided by third parties and paid for by the hotel.<\/span><\/p>\n<p><span style=\"font-weight: 400;\">3.3 The agreed prices include all taxes and local taxes in effect at the time of the conclusion of the contract. They do not include local taxes, such as visitor's tax, which are owed by the guest themselves according to the respective municipal law. If the statutory value added tax is changed or if local taxes on the subject matter of the contract are newly introduced, changed or abolished after the contract has been concluded, the prices will be adjusted accordingly. This only applies to contracts with consumers if the period between the conclusion and fulfillment of the contract exceeds four months.<\/span><\/p>\n<p><span style=\"font-weight: 400;\">3.4 If payment upon invoice has been agreed, payment shall be made \u2013 unless otherwise agreed \u2013 within ten days of receipt of the invoice without deduction.<\/span><\/p>\n<p><span style=\"font-weight: 400;\">3.5 The hotel is entitled to demand a reasonable advance payment or security deposit from the customer upon conclusion of the contract, for example in the form of a credit card guarantee. The amount of the advance payment and the payment dates can be agreed in the contract in text form. The statutory provisions shall apply in the event of default in payment by the customer.<\/span><\/p>\n<p><span style=\"font-weight: 400;\">3.6 In justified cases, e.g. the customer's payment arrears or an expansion of the scope of the contract, the hotel shall be entitled, even after the contract has been concluded and up until the start of the stay, to demand an advance payment or security deposit as defined in the above Item 3.5 or an increase in the advance payment or security deposit agreed in the contract up to the total agreed remuneration.<\/span><\/p>\n<p><span style=\"font-weight: 400;\">3.7 Furthermore, the hotel is entitled, at the commencement and during the customer's stay, to demand a reasonable advance payment or security deposit within the meaning of the above-mentioned No. 3.5 for existing and future accounts receivable from the contract, insofar as such has not already been paid pursuant to the above-mentioned No. 3.5 and\/or No. 3.6.<\/span><\/p>\n<p><span style=\"font-weight: 400;\">3.8 The customer may only set-off, reduce or clear a claim by the hotel with a claim which is undisputed or decided with final, res judicata effect.<\/span><\/p>\n<p><span style=\"font-weight: 400;\">3.9 The customer consents to the electronic transmission of invoices.<\/span><\/p>\n<p><b>4 RESCISSION\/TERMINATION OF THE AGREEMENT (\u201cCANCELLATION\u201d) FAILURE ON THE PART OF THE CUSTOMER TO USE THE HOTEL SERVICES (\u201cNO SHOW\u201d)&nbsp;<\/b><\/p>\n<p><span style=\"font-weight: 400;\">4.1 The customer may only withdraw from the contract concluded with the hotel unilaterally if a right of withdrawal was explicitly agreed in the contract or if a statutory right of withdrawal or termination exists.<\/span><\/p>\n<p><span style=\"font-weight: 400;\">4.2 If the hotel and customer agreed upon a date for a cost-free withdrawal from the contract, the customer may withdraw from the contract up to that date without incurring payment or damage compensation claims by the hotel. The customer's right of withdrawal expires if he does not exercise it in writing vis-\u00e0-vis the hotel by the agreed date.<\/span><\/p>\n<p><span style=\"font-weight: 400;\">4.3 If a right of withdrawal has not been agreed or has already expired and there is no statutory right of withdrawal or termination, the hotel retains the right to the agreed remuneration despite not using the service. The hotel has to take into account the income from renting the rooms to other parties as well as the expenses saved. If the rooms are not rented otherwise, the hotel can demand the contractually agreed rate and assess a flat rate for the saved expenses of the hotel. In this case, the customer is obligated to pay 100 percent of the contractually agreed rate for lodging. The customer is at liberty to show that the above-mentioned claim was not created or not created in the amount demanded.<\/span><\/p>\n<p><b>5 WITHDRAWAL BY THE HOTEL&nbsp;<\/b><\/p>\n<p><span style=\"font-weight: 400;\">5.1 Insofar as it was agreed that the customer can withdraw from the contract at no cost within a certain period of time, the hotel is entitled for its part to withdraw from the contract during this period of time, if inquiries from other customers regarding the contractually reserved rooms exist and the customer, upon inquiry thereof by the hotel with a reasonable deadline set, does not waive his right of withdrawal. This shall apply accordingly if an option is granted, if other inquiries have been made and the customer is not prepared to make a firm booking upon inquiry by the hotel with a reasonable deadline set.<\/span><\/p>\n<p><span style=\"font-weight: 400;\">5.2 If an agreed advance payment or an advance payment or security demanded in accordance with No. 3.5 and\/or No. 3.6 is not made even after a reasonable grace period set by the hotel has expired, then the hotel is also entitled to withdraw from the contract.<\/span><\/p>\n<p><span style=\"font-weight: 400;\">5.3 Ferner ist das Hotel berechtigt, aus sachlich gerechtfertigtem Grund vom Vertrag au\u00dferordentlich zur\u00fcckzutreten und ggfs. den Sicherheitsdienst auf Kosten des Gastes zu beauftragen, sollte dies zur R\u00e4umung des Zimmers erforderlich sein, insbesondere falls <\/span><span style=\"font-weight: 400;\"><br><\/span><span style=\"font-weight: 400;\">\u2013 force majeure or other circumstances for which the hotel is not responsible make it impossible to fulfill the contract; <\/span><span style=\"font-weight: 400;\"><br><\/span><span style=\"font-weight: 400;\">\u2013 rooms or spaces are booked culpably under misleading or false information or concealment regarding essential facts; the identity of the customer, the ability to pay or the purpose of the stay can constitute essential facts; <\/span><span style=\"font-weight: 400;\"><br><\/span><span style=\"font-weight: 400;\">\u2013 the hotel has justified cause to believe that use of the hotel's services might jeopardize smooth operation of the hotel, security or the reputation of the hotel in public, without this being attributable to the hotel's sphere of control or organization;<\/span><\/p>\n<p><span style=\"font-weight: 400;\">&#8211; eine nachweisliche \u00dcberbuchung seitens des Hotels vorliegt;<br><\/span><span style=\"font-weight: 400;\">\u2013 the purpose or the reason for the stay is illegal; <\/span><span style=\"font-weight: 400;\"><br><\/span><span style=\"font-weight: 400;\">\u2013 there is a breach of the above-mentioned clause 1.2<\/span><\/p>\n<p><span style=\"font-weight: 400;\">5.4 The justified withdrawal by the hotel does not constitute a claim for damages by the customer. Should the hotel have a claim for damages against the customer in the event of withdrawal in accordance with the above sections 5.2 or 5.3, the hotel may charge a flat rate for this. In this case, section 4.3 applies accordingly.<\/span><\/p>\n<p><b>6 ROOM AVAILABILITY, HANDOVER AND RETURN&nbsp;<\/b><\/p>\n<p><span style=\"font-weight: 400;\">6.1 The customer does not acquire the right to be provided specific rooms insofar as this is not expressly agreed in written form.<\/span><\/p>\n<p><span style=\"font-weight: 400;\">6.2 Booked rooms are available to the customer starting at 3:00 p.m. on the agreed arrival date. The customer does not have the right to earlier availability.<\/span><\/p>\n<p><span style=\"font-weight: 400;\">6.3 Rooms must be vacated and made available to the hotel no later than 10:00 a.m. on the agreed departure date. After that, the hotel may charge 75% of the full price until 6:00 p.m. and 100% after 6:00 p.m. for the delayed vacating of the room for its use beyond the contractual time. Contractual claims of the customer are not justified by this. He is free to prove that the hotel has no or a significantly lower claim for usage fees.<\/span><\/p>\n<p><b>7 LIABILITY OF THE HOTEL&nbsp;<\/b><\/p>\n<p><span style=\"font-weight: 400;\">7.1 The hotel is liable for damages arising from injury to life, limb or health. Furthermore, it is liable for other damages that are based on an intentional or grossly negligent breach of duty by the hotel or on an intentional or negligent breach of contract-typical obligations of the hotel. Contract-typical obligations are those obligations that enable the proper execution of the contract in the first place and on the fulfillment of which the customer relies and may rely. A breach of duty by the hotel is equivalent to that of a legal representative or vicarious agent. Further claims for damages are excluded, unless otherwise provided for in this clause 7. Should disruptions or defects in the performance of the hotel occur, the hotel will endeavor to remedy the situation as soon as it becomes aware of it or upon the customer's immediate complaint. The customer is obliged to do what is reasonable for him to help remedy the disruption and to keep any possible damage to a minimum.<\/span><\/p>\n<p><span style=\"font-weight: 400;\">7.2 The hotel is liable to the customer for property brought into the hotel in accordance with the statutory provisions. It expressly recommends the use of room safes. If the customer wishes to bring with him money, securities, stocks, bonds or valuables with a value of more than 800 EUR or other things with a value of more than 3,500 EUR, a separate safekeeping agreement is necessary.<\/span><\/p>\n<p><span style=\"font-weight: 400;\">7.3 If wake-up calls are carried out by the hotel, these will be treated with the utmost care. Messages for customers will be treated with care. The hotel can, after prior consultation with the customer, accept, store and, on request and for a fee, forward post and parcels. The hotel is only liable in this regard in accordance with the above clause 7.1, sentences 1 to 4.<\/span><\/p>\n<p style=\"background-color: #292929;\"><span style=\"font-weight: bold;\">8 WEITERE VEREINBARUNGEN<\/span><\/p>\n<p style=\"background-color: #292929;\">8.1 Der Kunde ist damit einverstanden, dass&nbsp;er aufgrund des im gesamten Hotel geltenden strikten Rauchverbots (inkl. Shisha, E-Zigaretten, Vapes, etc.), eine Schadensersatzforderung in H\u00f6he von 500\u20ac zzgl. der Kosten f\u00fcr den etwaigen Einsatz von Sicherheitsdienst, sowie Feuerwehr und sonstigen Einsatzkr\u00e4ften zu zahlen hat, sollte gegen das geltende Rauchverbot versto\u00dfen werden. Dies gilt einschlie\u00dflich aller \u00f6ffentlicher Bereiche inkl. der Dachterrasse.<\/p>\n<p style=\"background-color: #292929;\">8.2 Der Kunde erkl\u00e4rt sich ausdr\u00fccklich damit einverstanden, dass er im gesamten Hotel in allen \u00f6ffentlichen Bereichen durch eine Video\u00fcberwachungsanlage aufgezeichnet wird. Diese Aufzeichnungen werden gespeichert und dienen ausschlie\u00dflich der Nachverfolgung von unrechtm\u00e4\u00dfigen Handlungen im Hotel, sowie Straftaten. Der Kunde erkl\u00e4rt sich ferner damit einverstanden, dass die Video\u00fcberwachung auf eine 24\/7 Leitstelle zur Gefahrenintervention aufgeschaltet ist.<\/p><p style=\"background-color: #292929;\">8.3 Der Kunde versichert, dass er und seine etwaige Begleitung vollj\u00e4hrig sind. Das Betreten des Hotels von Personen unter 18 ist nicht gestattet.<\/p>\n<p><b>9 SCHLUSSBESTIMMUNGEN&nbsp;<\/b><\/p>\n<p><span style=\"font-weight: 400;\">9.1 \u00c4nderungen und Erg\u00e4nzungen des Vertrages, der Antragsannahme oder dieser Allgemeinen Gesch\u00e4ftsbedingungen sollen in Textform erfolgen. Einseitige \u00c4nderungen oder Erg\u00e4nzungen sind unwirksam.<\/span><\/p>\n<p><span style=\"font-weight: 400;\">9.2 Ist der Kunde Kaufmann oder juristische Person des \u00f6ffentlichen Rechts, ist ausschlie\u00dflicher Gerichtsstand Stuttgart. Das Hotel kann wahlweise den Kunden aber auch am Sitz des Kunden verklagen. Dasselbe gilt jeweils bei Kunden, die nicht unter Satz 1 fallen, wenn sie ihren Sitz oder Wohnsitz nicht in einem Mitgliedsstaat der EU haben.<\/span><\/p>\n<p><span style=\"font-weight: 400;\">9.3 Es gilt deutsches Recht. Die Anwendung des UN-Kaufrechts ist ausgeschlossen.<\/span><\/p>\n<p><span style=\"font-weight: 400;\">9.4 Entsprechend der gesetzlichen Verpflichtung weist das Hotel darauf hin, dass die Europ\u00e4ische Union eine Online-Plattform zur au\u00dfergerichtlichen Beilegung von verbraucherrechtlichen Streitigkeiten (\u201eOSPlattform\u201c) eingerichtet hat: http:\/\/ec.europa.eu\/consumers\/odr\/ Das Hotel nimmt jedoch nicht an Streitbeilegungsverfahren vor Verbraucherschlichtungsstellen teil.<\/span><\/p>\n<\/div>\n<\/div>\t\t\t\t\t\t\t\t<\/div>\n\t\t\t\t<\/div>\n\t\t\t\t\t<\/div>\n\t\t<\/div>\n\t\t\t\t\t<\/div>\n\t\t<\/section>\n\t\t\t\t<\/div>","protected":false},"excerpt":{"rendered":"<p>AGB STAND: 16.04.2026GELTUNGSBEREICH&nbsp; 1.1 Diese Gesch\u00e4ftsbedingungen gelten f\u00fcr Vertr\u00e4ge \u00fcber die mietweise \u00dcberlassung von Beherbergungszimmern der JUNGLE&nbsp;N\u00b05 GmbH zur Beherbergung sowie alle in diesem Zusammenhang f\u00fcr den Kunden erbrachten weiteren Leistungen und Lieferungen des Hotels (Hotelaufnahmevertrag). Sie gelten nicht f\u00fcr Pauschalreisen im Sinne des \u00a7 651a BGB. Der Begriff \u201eHotelaufnahmevertrag\u201c umfasst und ersetzt folgende Begriffe: [&hellip;]<\/p>\n","protected":false},"author":1,"featured_media":0,"parent":0,"menu_order":0,"comment_status":"closed","ping_status":"closed","template":"page-full-width.php","meta":{"footnotes":""},"class_list":["post-13179","page","type-page","status-publish","hentry"],"yoast_head":"<!-- This site is optimized with the Yoast SEO plugin v27.5 - https:\/\/yoast.com\/product\/yoast-seo-wordpress\/ -->\n<title>AGB - JUNGLE N\u00b05<\/title>\n<meta name=\"robots\" content=\"noindex, follow\" \/>\n<meta property=\"og:locale\" content=\"en_US\" \/>\n<meta property=\"og:type\" content=\"article\" \/>\n<meta property=\"og:title\" content=\"AGB - JUNGLE N\u00b05\" \/>\n<meta property=\"og:description\" content=\"AGB STAND: 16.04.2026GELTUNGSBEREICH&nbsp; 1.1 Diese Gesch\u00e4ftsbedingungen gelten f\u00fcr Vertr\u00e4ge \u00fcber die mietweise \u00dcberlassung von Beherbergungszimmern der JUNGLE&nbsp;N\u00b05 GmbH zur Beherbergung sowie alle in diesem Zusammenhang f\u00fcr den Kunden erbrachten weiteren Leistungen und Lieferungen des Hotels (Hotelaufnahmevertrag). Sie gelten nicht f\u00fcr Pauschalreisen im Sinne des \u00a7 651a BGB. Der Begriff \u201eHotelaufnahmevertrag\u201c umfasst und ersetzt folgende Begriffe: [&hellip;]\" \/>\n<meta property=\"og:url\" content=\"https:\/\/jungle5.de\/en\/agb\/\" \/>\n<meta property=\"og:site_name\" content=\"JUNGLE N\u00b05\" \/>\n<meta property=\"article:modified_time\" content=\"2026-04-16T12:06:26+00:00\" \/>\n<meta name=\"twitter:card\" content=\"summary_large_image\" \/>\n<meta name=\"twitter:label1\" content=\"Est. reading time\" \/>\n\t<meta name=\"twitter:data1\" content=\"10 minutes\" \/>\n<script type=\"application\/ld+json\" class=\"yoast-schema-graph\">{\"@context\":\"https:\\\/\\\/schema.org\",\"@graph\":[{\"@type\":\"WebPage\",\"@id\":\"https:\\\/\\\/jungle5.de\\\/agb\\\/\",\"url\":\"https:\\\/\\\/jungle5.de\\\/agb\\\/\",\"name\":\"AGB - JUNGLE N\u00b05\",\"isPartOf\":{\"@id\":\"https:\\\/\\\/jungle5.de\\\/#website\"},\"datePublished\":\"2024-10-02T10:26:21+00:00\",\"dateModified\":\"2026-04-16T12:06:26+00:00\",\"breadcrumb\":{\"@id\":\"https:\\\/\\\/jungle5.de\\\/agb\\\/#breadcrumb\"},\"inLanguage\":\"en-US\",\"potentialAction\":[{\"@type\":\"ReadAction\",\"target\":[\"https:\\\/\\\/jungle5.de\\\/agb\\\/\"]}]},{\"@type\":\"BreadcrumbList\",\"@id\":\"https:\\\/\\\/jungle5.de\\\/agb\\\/#breadcrumb\",\"itemListElement\":[{\"@type\":\"ListItem\",\"position\":1,\"name\":\"Home\",\"item\":\"https:\\\/\\\/jungle5.de\\\/\"},{\"@type\":\"ListItem\",\"position\":2,\"name\":\"AGB\"}]},{\"@type\":\"WebSite\",\"@id\":\"https:\\\/\\\/jungle5.de\\\/#website\",\"url\":\"https:\\\/\\\/jungle5.de\\\/\",\"name\":\"JUNGLE N\u00b05\",\"description\":\"\",\"potentialAction\":[{\"@type\":\"SearchAction\",\"target\":{\"@type\":\"EntryPoint\",\"urlTemplate\":\"https:\\\/\\\/jungle5.de\\\/?s={search_term_string}\"},\"query-input\":{\"@type\":\"PropertyValueSpecification\",\"valueRequired\":true,\"valueName\":\"search_term_string\"}}],\"inLanguage\":\"en-US\"}]}<\/script>\n<!-- \/ Yoast SEO plugin. -->","yoast_head_json":{"title":"AGB - JUNGLE N\u00b05","robots":{"index":"noindex","follow":"follow"},"og_locale":"en_US","og_type":"article","og_title":"AGB - JUNGLE N\u00b05","og_description":"AGB STAND: 16.04.2026GELTUNGSBEREICH&nbsp; 1.1 Diese Gesch\u00e4ftsbedingungen gelten f\u00fcr Vertr\u00e4ge \u00fcber die mietweise \u00dcberlassung von Beherbergungszimmern der JUNGLE&nbsp;N\u00b05 GmbH zur Beherbergung sowie alle in diesem Zusammenhang f\u00fcr den Kunden erbrachten weiteren Leistungen und Lieferungen des Hotels (Hotelaufnahmevertrag). Sie gelten nicht f\u00fcr Pauschalreisen im Sinne des \u00a7 651a BGB. Der Begriff \u201eHotelaufnahmevertrag\u201c umfasst und ersetzt folgende Begriffe: [&hellip;]","og_url":"https:\/\/jungle5.de\/en\/agb\/","og_site_name":"JUNGLE N\u00b05","article_modified_time":"2026-04-16T12:06:26+00:00","twitter_card":"summary_large_image","twitter_misc":{"Est. reading time":"10 minutes"},"schema":{"@context":"https:\/\/schema.org","@graph":[{"@type":"WebPage","@id":"https:\/\/jungle5.de\/agb\/","url":"https:\/\/jungle5.de\/agb\/","name":"AGB - JUNGLE N\u00b05","isPartOf":{"@id":"https:\/\/jungle5.de\/#website"},"datePublished":"2024-10-02T10:26:21+00:00","dateModified":"2026-04-16T12:06:26+00:00","breadcrumb":{"@id":"https:\/\/jungle5.de\/agb\/#breadcrumb"},"inLanguage":"en-US","potentialAction":[{"@type":"ReadAction","target":["https:\/\/jungle5.de\/agb\/"]}]},{"@type":"BreadcrumbList","@id":"https:\/\/jungle5.de\/agb\/#breadcrumb","itemListElement":[{"@type":"ListItem","position":1,"name":"Home","item":"https:\/\/jungle5.de\/"},{"@type":"ListItem","position":2,"name":"AGB"}]},{"@type":"WebSite","@id":"https:\/\/jungle5.de\/#website","url":"https:\/\/jungle5.de\/","name":"JUNGLE N\u00b05","description":"","potentialAction":[{"@type":"SearchAction","target":{"@type":"EntryPoint","urlTemplate":"https:\/\/jungle5.de\/?s={search_term_string}"},"query-input":{"@type":"PropertyValueSpecification","valueRequired":true,"valueName":"search_term_string"}}],"inLanguage":"en-US"}]}},"_links":{"self":[{"href":"https:\/\/jungle5.de\/en\/wp-json\/wp\/v2\/pages\/13179","targetHints":{"allow":["GET"]}}],"collection":[{"href":"https:\/\/jungle5.de\/en\/wp-json\/wp\/v2\/pages"}],"about":[{"href":"https:\/\/jungle5.de\/en\/wp-json\/wp\/v2\/types\/page"}],"author":[{"embeddable":true,"href":"https:\/\/jungle5.de\/en\/wp-json\/wp\/v2\/users\/1"}],"replies":[{"embeddable":true,"href":"https:\/\/jungle5.de\/en\/wp-json\/wp\/v2\/comments?post=13179"}],"version-history":[{"count":25,"href":"https:\/\/jungle5.de\/en\/wp-json\/wp\/v2\/pages\/13179\/revisions"}],"predecessor-version":[{"id":13670,"href":"https:\/\/jungle5.de\/en\/wp-json\/wp\/v2\/pages\/13179\/revisions\/13670"}],"wp:attachment":[{"href":"https:\/\/jungle5.de\/en\/wp-json\/wp\/v2\/media?parent=13179"}],"curies":[{"name":"wp","href":"https:\/\/api.w.org\/{rel}","templated":true}]}}