{"id":11342,"date":"2024-05-16T20:11:35","date_gmt":"2024-05-16T20:11:35","guid":{"rendered":"https:\/\/jungle5.de\/?page_id=11342"},"modified":"2026-04-19T17:30:45","modified_gmt":"2026-04-19T17:30:45","slug":"impressum","status":"publish","type":"page","link":"https:\/\/jungle5.de\/en\/impressum\/","title":{"rendered":"Imprint"},"content":{"rendered":"<div data-elementor-type=\"wp-page\" data-elementor-id=\"11342\" class=\"elementor elementor-11342\">\n\t\t\t\t\t\t<section class=\"elementor-section elementor-top-section elementor-element elementor-element-16ff598c elementor-section-full_width elementor-section-height-default elementor-section-height-default qodef-elementor-content-no\" data-id=\"16ff598c\" data-element_type=\"section\" data-e-type=\"section\">\n\t\t\t\t\t\t<div class=\"elementor-container elementor-column-gap-default\">\n\t\t\t\t\t<div class=\"elementor-column elementor-col-100 elementor-top-column elementor-element elementor-element-790400d4\" data-id=\"790400d4\" data-element_type=\"column\" data-e-type=\"column\">\n\t\t\t<div class=\"elementor-widget-wrap elementor-element-populated\">\n\t\t\t\t\t\t<div class=\"elementor-element elementor-element-74446db elementor-widget elementor-widget-augustine_core_section_title\" data-id=\"74446db\" data-element_type=\"widget\" data-e-type=\"widget\" data-widget_type=\"augustine_core_section_title.default\">\n\t\t\t\t<div class=\"elementor-widget-container\">\n\t\t\t\t\t<div class=\"qodef-shortcode qodef-m  qodef-section-title qodef-alignment--left  qodef-title-appear qodef-title-alt-appear\">\n\t\t\t\t<h2 class=\"qodef-m-title\" >\n\t\t\t\t\tImprint\t\t\t<\/h2>\n\t\t<\/div>\t\t\t\t<\/div>\n\t\t\t\t<\/div>\n\t\t\t\t\t<\/div>\n\t\t<\/div>\n\t\t\t\t\t<\/div>\n\t\t<\/section>\n\t\t\t\t<section class=\"elementor-section elementor-top-section elementor-element elementor-element-6e51a79e qodef-elementor-content-grid elementor-section-boxed elementor-section-height-default elementor-section-height-default\" data-id=\"6e51a79e\" data-element_type=\"section\" data-e-type=\"section\">\n\t\t\t\t\t\t<div class=\"elementor-container elementor-column-gap-default\">\n\t\t\t\t\t<div class=\"elementor-column elementor-col-100 elementor-top-column elementor-element elementor-element-6175c09c\" data-id=\"6175c09c\" data-element_type=\"column\" data-e-type=\"column\">\n\t\t\t<div class=\"elementor-widget-wrap elementor-element-populated\">\n\t\t\t\t\t\t<div class=\"elementor-element elementor-element-b8ff6b3 elementor-widget elementor-widget-text-editor\" data-id=\"b8ff6b3\" data-element_type=\"widget\" data-e-type=\"widget\" data-widget_type=\"text-editor.default\">\n\t\t\t\t<div class=\"elementor-widget-container\">\n\t\t\t\t\t\t\t\t\t<div class=\"frame frame-default frame-type-text frame-list_type- frame-layout-100 animate fadeInUp go\"><div class=\"inner\"><h4>Information according to \u00a7 5 TMG<\/h4><p><span style=\"font-weight: 400;\">JUNGLE&nbsp;N\u00b05 GmbH<\/span><\/p><p><span style=\"font-weight: 400;\"><strong>Business address<\/strong><br \/><\/span><span style=\"font-weight: 400;\">Sophienstrasse 21 | 70178 Stuttgart<br \/>HRB: 795206 Stuttgart Local Court<br \/>VAT ID No.: DE369403717<\/span><\/p><p><span style=\"font-weight: 400;\"><strong>Location<\/strong><\/span><br \/><span style=\"font-weight: 400;\">Weberstra\u00dfe 5a | 70182 Stuttgart<\/span><\/p><\/div><\/div><div class=\"frame frame-default frame-type-text frame-list_type- frame-layout-100 animate fadeInUp go\"><div class=\"inner\"><p>Represented by the managing director:<br \/>Julian Merget<\/p><p><span style=\"font-weight: 400;\">JUNGLE&nbsp;N\u00b05\u00ae <\/span>is a registered brand name.<\/p><h4>Contact<\/h4><\/div><\/div><p><span style=\"font-weight: 400;\">Phone: +49 711 2050 0555<\/span><\/p><p><span style=\"font-weight: 400;\">E-mail: <a href=\"mailto:sleep@jungle5.de\">sleep@jungle5.de<\/a><\/span><\/p><p><span style=\"font-weight: 400;\">Website: <a href=\"https:\/\/jungle5.de\/en\/\">jungle5.de<\/a><\/span><\/p><div class=\"frame frame-default frame-type-text frame-list_type- frame-layout-100 animate fadeInUp go\"><div class=\"inner\"><h4>Responsible supervisory authority<\/h4><\/div><\/div><p><span style=\"font-weight: 400;\">State capital Stuttgart<\/span><\/p><div class=\"frame frame-default frame-type-text frame-list_type- frame-layout-100 animate fadeInUp go\"><div class=\"inner\"><h4>Consumer dispute resolution\/universal arbitration board<\/h4><\/div><\/div><p>We are not willing or obliged to participate in dispute resolution proceedings before a consumer arbitration board.<\/p><p>Source: <a class=\"link-external-blank\" href=\"https:\/\/www.e-recht24.de\/\" target=\"_blank\" rel=\"noopener noreferrer\">e-recht24.de<\/a><\/p><div class=\"frame frame-default frame-type-text frame-list_type- frame-layout-100 animate fadeInUp go\"><div class=\"inner\"><h4>Disclaimer<\/h4><h4>Liability for content<\/h4><\/div><\/div><p>As a service provider, we are responsible for our own content on these pages in accordance with Section 7 (1) TMG (German Telemedia Act) and general legislation. According to \u00a7\u00a7 8 to 10 TMG, however, we are not obliged as a service provider to monitor transmitted or stored third-party information or to investigate circumstances that indicate illegal activity.<\/p><p>Obligations to remove or block the use of information in accordance with general legislation remain unaffected by this. However, liability in this respect is only possible from the time of knowledge of a specific infringement. As soon as we become aware of such infringements, we will remove this content immediately.<\/p><div class=\"frame frame-default frame-type-text frame-list_type- frame-layout-100 animate fadeInUp go\"><div class=\"inner\"><h4>Liability for links<\/h4><\/div><\/div><p>Our website contains links to external third-party websites over whose content we have no influence. Therefore, we cannot accept any liability for this third-party content. The respective provider or operator of the pages is always responsible for the content of the linked pages. The linked pages were checked for possible legal violations at the time of linking. Illegal content was not recognizable at the time of linking.<\/p><p>However, permanent monitoring of the content of the linked pages is not reasonable without concrete evidence of an infringement. If we become aware of any legal infringements, we will remove such links immediately.<\/p><div class=\"frame frame-default frame-type-text frame-list_type- frame-layout-100 animate fadeInUp go\"><div class=\"inner\"><h4>Copyright<\/h4><\/div><\/div><p>The content and works created by the site operators on these pages are subject to German copyright law. Duplication, processing, distribution and any kind of exploitation outside the limits of copyright law require the written consent of the respective author or creator. Downloads and copies of this site are only permitted for private, non-commercial use.<\/p><p>We would like to thank our partners for providing the media and designs:<\/p><p>&#8211; Janko Media<br \/>&#8211; Stefan Steinbach<br \/>&#8211; heynoni<\/p><p>Picture from Rachel Claire from Pexels: <a href=\"https:\/\/www.pexels.com\/de-de\/foto\/urlaub-ferien-bikini-frau-4577700\/\">https:\/\/www.pexels.com\/de-de\/foto\/urlaub-ferien-bikini-frau-4577700\/<\/a><\/p><p>Picture from Tarcila Mesquita from Pexels: <a href=\"https:\/\/www.pexels.com\/de-de\/foto\/klima-holz-natur-wald-4190917\/\">https:\/\/www.pexels.com\/de-de\/foto\/klima-holz-natur-wald-4190917\/<\/a><\/p><p>Picture from Sabrina So from Pexels: <a href=\"https:\/\/www.pexels.com\/de-de\/foto\/dunkel-muster-blatter-grun-13474087\/\">https:\/\/www.pexels.com\/de-de\/foto\/dunkel-muster-blatter-grun-13474087\/<\/a><\/p><p>Insofar as the content on this site was not created by the operator, the copyrights of third parties are respected. In particular, third-party content is identified as such. Should you nevertheless become aware of a copyright infringement, please inform us accordingly. If we become aware of any infringements, we will remove such content immediately.<\/p>\t\t\t\t\t\t\t\t<\/div>\n\t\t\t\t<\/div>\n\t\t\t\t\t<\/div>\n\t\t<\/div>\n\t\t\t\t\t<\/div>\n\t\t<\/section>\n\t\t\t\t<\/div>","protected":false},"excerpt":{"rendered":"<p>Impressum Angaben gem\u00e4\u00df \u00a7 5 TMG JUNGLE&nbsp;N\u00b05 GmbH Gesch\u00e4ftsanschriftSophienstrasse 21 | 70178 StuttgartHRB: 795206 Amtsgericht StuttgartUSt-IdNr.: DE369403717 StandortWeberstra\u00dfe 5a | 70182 Stuttgart Vertreten durch den Gesch\u00e4ftsf\u00fchrer:Julian Merget JUNGLE&nbsp;N\u00b05\u00ae ist ein eingetragener Markenname. Kontakt Telefon: +49 711 2050 0555 E-Mail: sleep@jungle5.de Website: jungle5.de Zust\u00e4ndige Aufsichtsbeh\u00f6rde Landeshauptstadt Stuttgart Verbraucher\u00adstreit\u00adbeilegung\/Universal\u00adschlichtungs\u00adstelle Wir sind nicht bereit oder verpflichtet, an Streitbeilegungsverfahren [&hellip;]<\/p>\n","protected":false},"author":1,"featured_media":0,"parent":0,"menu_order":0,"comment_status":"closed","ping_status":"closed","template":"page-full-width.php","meta":{"footnotes":""},"class_list":["post-11342","page","type-page","status-publish","hentry"],"yoast_head":"<!-- This site is optimized with the Yoast SEO plugin v27.5 - https:\/\/yoast.com\/product\/yoast-seo-wordpress\/ -->\n<title>Impressum - JUNGLE N\u00b05<\/title>\n<meta name=\"robots\" content=\"noindex, follow\" \/>\n<meta property=\"og:locale\" content=\"en_US\" \/>\n<meta property=\"og:type\" content=\"article\" \/>\n<meta property=\"og:title\" content=\"Impressum - JUNGLE N\u00b05\" \/>\n<meta property=\"og:description\" content=\"Impressum Angaben gem\u00e4\u00df \u00a7 5 TMG JUNGLE&nbsp;N\u00b05 GmbH Gesch\u00e4ftsanschriftSophienstrasse 21 | 70178 StuttgartHRB: 795206 Amtsgericht StuttgartUSt-IdNr.: DE369403717 StandortWeberstra\u00dfe 5a | 70182 Stuttgart Vertreten durch den Gesch\u00e4ftsf\u00fchrer:Julian Merget JUNGLE&nbsp;N\u00b05\u00ae ist ein eingetragener Markenname. Kontakt Telefon: +49 711 2050 0555 E-Mail: sleep@jungle5.de Website: jungle5.de Zust\u00e4ndige Aufsichtsbeh\u00f6rde Landeshauptstadt Stuttgart Verbraucher\u00adstreit\u00adbeilegung\/Universal\u00adschlichtungs\u00adstelle Wir sind nicht bereit oder verpflichtet, an Streitbeilegungsverfahren [&hellip;]\" \/>\n<meta property=\"og:url\" content=\"https:\/\/jungle5.de\/en\/impressum\/\" \/>\n<meta property=\"og:site_name\" content=\"JUNGLE N\u00b05\" \/>\n<meta property=\"article:modified_time\" content=\"2026-04-19T17:30:45+00:00\" \/>\n<meta name=\"twitter:card\" content=\"summary_large_image\" \/>\n<meta name=\"twitter:label1\" content=\"Est. reading time\" \/>\n\t<meta name=\"twitter:data1\" content=\"3 minutes\" \/>\n<script type=\"application\/ld+json\" class=\"yoast-schema-graph\">{\"@context\":\"https:\\\/\\\/schema.org\",\"@graph\":[{\"@type\":\"WebPage\",\"@id\":\"https:\\\/\\\/jungle5.de\\\/impressum\\\/\",\"url\":\"https:\\\/\\\/jungle5.de\\\/impressum\\\/\",\"name\":\"Impressum - JUNGLE N\u00b05\",\"isPartOf\":{\"@id\":\"https:\\\/\\\/jungle5.de\\\/#website\"},\"datePublished\":\"2024-05-16T20:11:35+00:00\",\"dateModified\":\"2026-04-19T17:30:45+00:00\",\"breadcrumb\":{\"@id\":\"https:\\\/\\\/jungle5.de\\\/impressum\\\/#breadcrumb\"},\"inLanguage\":\"en-US\",\"potentialAction\":[{\"@type\":\"ReadAction\",\"target\":[\"https:\\\/\\\/jungle5.de\\\/impressum\\\/\"]}]},{\"@type\":\"BreadcrumbList\",\"@id\":\"https:\\\/\\\/jungle5.de\\\/impressum\\\/#breadcrumb\",\"itemListElement\":[{\"@type\":\"ListItem\",\"position\":1,\"name\":\"Home\",\"item\":\"https:\\\/\\\/jungle5.de\\\/\"},{\"@type\":\"ListItem\",\"position\":2,\"name\":\"Impressum\"}]},{\"@type\":\"WebSite\",\"@id\":\"https:\\\/\\\/jungle5.de\\\/#website\",\"url\":\"https:\\\/\\\/jungle5.de\\\/\",\"name\":\"JUNGLE N\u00b05\",\"description\":\"\",\"potentialAction\":[{\"@type\":\"SearchAction\",\"target\":{\"@type\":\"EntryPoint\",\"urlTemplate\":\"https:\\\/\\\/jungle5.de\\\/?s={search_term_string}\"},\"query-input\":{\"@type\":\"PropertyValueSpecification\",\"valueRequired\":true,\"valueName\":\"search_term_string\"}}],\"inLanguage\":\"en-US\"}]}<\/script>\n<!-- \/ Yoast SEO plugin. -->","yoast_head_json":{"title":"Impressum - JUNGLE N\u00b05","robots":{"index":"noindex","follow":"follow"},"og_locale":"en_US","og_type":"article","og_title":"Impressum - JUNGLE N\u00b05","og_description":"Impressum Angaben gem\u00e4\u00df \u00a7 5 TMG JUNGLE&nbsp;N\u00b05 GmbH Gesch\u00e4ftsanschriftSophienstrasse 21 | 70178 StuttgartHRB: 795206 Amtsgericht StuttgartUSt-IdNr.: DE369403717 StandortWeberstra\u00dfe 5a | 70182 Stuttgart Vertreten durch den Gesch\u00e4ftsf\u00fchrer:Julian Merget JUNGLE&nbsp;N\u00b05\u00ae ist ein eingetragener Markenname. Kontakt Telefon: +49 711 2050 0555 E-Mail: sleep@jungle5.de Website: jungle5.de Zust\u00e4ndige Aufsichtsbeh\u00f6rde Landeshauptstadt Stuttgart Verbraucher\u00adstreit\u00adbeilegung\/Universal\u00adschlichtungs\u00adstelle Wir sind nicht bereit oder verpflichtet, an Streitbeilegungsverfahren [&hellip;]","og_url":"https:\/\/jungle5.de\/en\/impressum\/","og_site_name":"JUNGLE N\u00b05","article_modified_time":"2026-04-19T17:30:45+00:00","twitter_card":"summary_large_image","twitter_misc":{"Est. reading time":"3 minutes"},"schema":{"@context":"https:\/\/schema.org","@graph":[{"@type":"WebPage","@id":"https:\/\/jungle5.de\/impressum\/","url":"https:\/\/jungle5.de\/impressum\/","name":"Impressum - JUNGLE N\u00b05","isPartOf":{"@id":"https:\/\/jungle5.de\/#website"},"datePublished":"2024-05-16T20:11:35+00:00","dateModified":"2026-04-19T17:30:45+00:00","breadcrumb":{"@id":"https:\/\/jungle5.de\/impressum\/#breadcrumb"},"inLanguage":"en-US","potentialAction":[{"@type":"ReadAction","target":["https:\/\/jungle5.de\/impressum\/"]}]},{"@type":"BreadcrumbList","@id":"https:\/\/jungle5.de\/impressum\/#breadcrumb","itemListElement":[{"@type":"ListItem","position":1,"name":"Home","item":"https:\/\/jungle5.de\/"},{"@type":"ListItem","position":2,"name":"Impressum"}]},{"@type":"WebSite","@id":"https:\/\/jungle5.de\/#website","url":"https:\/\/jungle5.de\/","name":"JUNGLE N\u00b05","description":"","potentialAction":[{"@type":"SearchAction","target":{"@type":"EntryPoint","urlTemplate":"https:\/\/jungle5.de\/?s={search_term_string}"},"query-input":{"@type":"PropertyValueSpecification","valueRequired":true,"valueName":"search_term_string"}}],"inLanguage":"en-US"}]}},"_links":{"self":[{"href":"https:\/\/jungle5.de\/en\/wp-json\/wp\/v2\/pages\/11342","targetHints":{"allow":["GET"]}}],"collection":[{"href":"https:\/\/jungle5.de\/en\/wp-json\/wp\/v2\/pages"}],"about":[{"href":"https:\/\/jungle5.de\/en\/wp-json\/wp\/v2\/types\/page"}],"author":[{"embeddable":true,"href":"https:\/\/jungle5.de\/en\/wp-json\/wp\/v2\/users\/1"}],"replies":[{"embeddable":true,"href":"https:\/\/jungle5.de\/en\/wp-json\/wp\/v2\/comments?post=11342"}],"version-history":[{"count":77,"href":"https:\/\/jungle5.de\/en\/wp-json\/wp\/v2\/pages\/11342\/revisions"}],"predecessor-version":[{"id":13674,"href":"https:\/\/jungle5.de\/en\/wp-json\/wp\/v2\/pages\/11342\/revisions\/13674"}],"wp:attachment":[{"href":"https:\/\/jungle5.de\/en\/wp-json\/wp\/v2\/media?parent=11342"}],"curies":[{"name":"wp","href":"https:\/\/api.w.org\/{rel}","templated":true}]}}